{"id":29044,"date":"2024-02-29T14:30:05","date_gmt":"2024-02-29T14:30:05","guid":{"rendered":"https:\/\/www.pax8.com\/explore\/?page_id=29044"},"modified":"2024-09-12T16:36:10","modified_gmt":"2024-09-12T16:36:10","slug":"ai-readiness-quiz","status":"publish","type":"page","link":"https:\/\/www.pax8.com\/explore\/emea-de-de\/microsoft-copilot-ai\/ai-readiness-quiz\/","title":{"rendered":"Copilot AI readiness quiz (DE)"},"content":{"rendered":"\t\t<div data-elementor-type=\"wp-page\" data-elementor-id=\"29044\" class=\"elementor elementor-29044\" data-elementor-post-type=\"page\">\n\t\t\t\t\t\t<section class=\"elementor-section elementor-top-section elementor-element elementor-element-b288c3e elementor-section-full_width elementor-section-height-default elementor-section-height-default\" data-id=\"b288c3e\" data-element_type=\"section\" data-e-type=\"section\">\n\t\t\t\t\t\t<div class=\"elementor-container elementor-column-gap-no\">\n\t\t\t\t\t<div class=\"elementor-column elementor-col-100 elementor-top-column elementor-element elementor-element-0772c57\" data-id=\"0772c57\" data-element_type=\"column\" data-e-type=\"column\">\n\t\t\t<div class=\"elementor-widget-wrap elementor-element-populated\">\n\t\t\t\t\t\t<div class=\"elementor-element elementor-element-e1a1d63 elementor-widget elementor-widget-html\" data-id=\"e1a1d63\" data-element_type=\"widget\" data-e-type=\"widget\" data-widget_type=\"html.default\">\n\t\t\t\t\t<div id=\"idOfDiv\">\n<script>\nconst iframeDiv = document.getElementById(\"idOfDiv\");                              \n\/\/ collect html div\nconst urlFull = window.location.href;             \n\/\/ collect url\nlet encoded = encodeURI(`{\"url\":\"${urlFull}\"}`);\n\n\/\/ take param value from url (utm_content is the key of the param)\n \n\/\/ Build iframe\n const html = `<iframe src=\"\nhttps:\/\/assistant.clevy.io\/s\/viyestzxvm77vlyvi6c1sg2ri6mm2rqv?metadata=${encoded}&\nref=target:de-de@ai_readiness\" id=\"clevy-widget\" async width=\"100%\" height=\"800\" data-force-open=\"true\" frameborder=\"0\"><\/iframe>`;\n \n\/\/ Add to div\niframeDiv.innerHTML = html;\n<\/script>\n<\/div>\t\t\t\t<\/div>\n\t\t\t\t\t<\/div>\n\t\t<\/div>\n\t\t\t\t\t<\/div>\n\t\t<\/section>\n\t\t\t\t<section data-dce-background-color=\"#000000\" class=\"elementor-section elementor-top-section elementor-element elementor-element-f7ca4b4 elementor-section-boxed elementor-section-height-default elementor-section-height-default\" data-id=\"f7ca4b4\" data-element_type=\"section\" data-e-type=\"section\" data-settings=\"{&quot;background_background&quot;:&quot;classic&quot;}\">\n\t\t\t\t\t\t<div class=\"elementor-container elementor-column-gap-default\">\n\t\t\t\t\t<div class=\"elementor-column elementor-col-25 elementor-top-column elementor-element elementor-element-4575e43\" data-id=\"4575e43\" data-element_type=\"column\" data-e-type=\"column\">\n\t\t\t<div class=\"elementor-widget-wrap elementor-element-populated\">\n\t\t\t\t\t\t<div class=\"elementor-element elementor-element-74b1838 elementor-widget__width-initial elementor-widget elementor-widget-image\" data-id=\"74b1838\" data-element_type=\"widget\" data-e-type=\"widget\" data-widget_type=\"image.default\">\n\t\t\t\t\t\t\t\t\t\t\t\t\t\t\t<img decoding=\"async\" width=\"100\" height=\"66\" src=\"https:\/\/www.pax8.com\/explore\/wp-content\/uploads\/sites\/15\/2023\/12\/pax8-logo-white-100.svg\" class=\"attachment-full size-full wp-image-25519\" alt=\"\" \/>\t\t\t\t\t\t\t\t\t\t\t\t\t\t\t<\/div>\n\t\t\t\t\t<\/div>\n\t\t<\/div>\n\t\t\t\t<div class=\"elementor-column elementor-col-25 elementor-top-column elementor-element elementor-element-aa610f3\" data-id=\"aa610f3\" data-element_type=\"column\" data-e-type=\"column\">\n\t\t\t<div class=\"elementor-widget-wrap elementor-element-populated\">\n\t\t\t\t\t\t<div class=\"elementor-element elementor-element-0187b9b elementor-widget elementor-widget-text-editor\" data-id=\"0187b9b\" data-element_type=\"widget\" data-e-type=\"widget\" data-widget_type=\"text-editor.default\">\n\t\t\t\t\t\t\t\t\t<p><span style=\"color: #ffffff;\"><a style=\"color: #ffffff;\" href=\"https:\/\/www.pax8.com\/de-de\/about\/\" target=\"_blank\" rel=\"noopener\">\u00dcber Pax8<\/a><\/span><br><span style=\"color: #ffffff;\"><a style=\"color: #ffffff;\" href=\"https:\/\/www.pax8.com\/de-de\/contact\/\">Kontakt<\/a><\/span><\/p>\t\t\t\t\t\t\t\t<\/div>\n\t\t\t\t\t<\/div>\n\t\t<\/div>\n\t\t\t\t<div class=\"elementor-column elementor-col-25 elementor-top-column elementor-element elementor-element-ce28e0c\" data-id=\"ce28e0c\" data-element_type=\"column\" data-e-type=\"column\">\n\t\t\t<div class=\"elementor-widget-wrap elementor-element-populated\">\n\t\t\t\t\t\t<div class=\"elementor-element elementor-element-5441df3 elementor-widget elementor-widget-text-editor\" data-id=\"5441df3\" data-element_type=\"widget\" data-e-type=\"widget\" data-widget_type=\"text-editor.default\">\n\t\t\t\t\t\t\t\t\t<p><span style=\"color: #ffffff;\"><a style=\"color: #ffffff;\" href=\"https:\/\/www.pax8.com\/en-us\/terms\/\" target=\"_blank\" rel=\"noopener\">AGBs<\/a> <i class=\"fa-regular fa-arrow-up-right-from-square\"><\/i><\/span><br><span style=\"color: #ffffff;\"><a style=\"color: #ffffff;\" href=\"https:\/\/www.pax8.com\/en-us\/privacy-notice-de\/\" target=\"_blank\" rel=\"noopener\">Datenschutzerkl\u00e4rung<\/a> <i class=\"fa-regular fa-arrow-up-right-from-square\"><\/i><\/span><br><span style=\"color: #ffffff;\"><a style=\"color: #ffffff;\" href=\"https:\/\/privacyportal.onetrust.com\/webform\/4e9e1588-db20-42fe-b329-eb2bfc9f11c0\/0c369d82-6831-4bc9-ae1c-f49a968780b3\" target=\"_blank\" rel=\"noopener\">Datenschutzanfrage<\/a> <i class=\"fa-regular fa-arrow-up-right-from-square\"><\/i><\/span><br><span style=\"color: #ffffff;\"><a style=\"color: #ffffff;\" href=\"https:\/\/www.pax8.com\/de-de\/terms-cookie-list\/\" target=\"_blank\" rel=\"noopener\">Cookie-Liste<\/a><\/span><br><span style=\"color: #ffffff;\"><a style=\"color: #ffffff;\" href=\"https:\/\/privacyportal.onetrust.com\/ui\/#\/preferences\/multipage\/login\/cf5daf46-43ab-4108-8b14-04c2eae7b249\" target=\"_blank\" rel=\"noopener\">Pr\u00e4ferenzeinstellungen<\/a> <i class=\"fa-regular fa-arrow-up-right-from-square\"><\/i><\/span><br><span style=\"color: #ffffff;\"><a style=\"color: #ffffff;\" href=\"https:\/\/app.convercent.com\/de-de\/Anonymous\/IssueIntake\/LandingPage\/3c801931-8ac1-ec11-a98b-000d3ab9f296\" target=\"_blank\" rel=\"noopener\">Ethik\u2011Helpline<\/a><\/span><i class=\"fa-regular fa-arrow-up-right-from-square\"><\/i><\/p>\t\t\t\t\t\t\t\t<\/div>\n\t\t\t\t\t<\/div>\n\t\t<\/div>\n\t\t\t\t<div class=\"elementor-column elementor-col-25 elementor-top-column elementor-element elementor-element-b1325c5\" data-id=\"b1325c5\" data-element_type=\"column\" data-e-type=\"column\">\n\t\t\t<div class=\"elementor-widget-wrap elementor-element-populated\">\n\t\t\t\t\t\t<div class=\"elementor-element elementor-element-d75b486 white-bullets elementor-widget elementor-widget-text-editor\" data-id=\"d75b486\" data-element_type=\"widget\" data-e-type=\"widget\" data-widget_type=\"text-editor.default\">\n\t\t\t\t\t\t\t\t\t<p><span style=\"color: #ffffff;\">Hier finden Sie uns in Europa:<\/span><\/p><ul><li><span style=\"color: #ffffff;\"><a style=\"color: #ffffff;\" href=\"https:\/\/www.pax8.com\/de-de\/contact\/#locations\">Belgien<\/a><\/span><\/li><li><span style=\"color: #ffffff;\"><a style=\"color: #ffffff;\" href=\"https:\/\/www.pax8.com\/de-de\/contact\/#locations\">Deutschland<\/a><\/span><\/li><li><span style=\"color: #ffffff;\"><a style=\"color: #ffffff;\" href=\"https:\/\/www.pax8.com\/de-de\/contact\/#locations\">Estland<\/a><\/span><\/li><li><span style=\"color: #ffffff;\"><a style=\"color: #ffffff;\" href=\"https:\/\/www.pax8.com\/de-de\/contact\/#locations\">Lettland<\/a><\/span><\/li><li><span style=\"color: #ffffff;\"><a style=\"color: #ffffff;\" href=\"https:\/\/www.pax8.com\/de-de\/contact\/#locations\">Litauen<\/a><\/span><\/li><li><span style=\"color: #ffffff;\"><a style=\"color: #ffffff;\" href=\"https:\/\/www.pax8.com\/de-de\/contact\/#locations\">Niederlande<\/a><\/span><\/li><li><span style=\"color: #ffffff;\"><a style=\"color: #ffffff;\" href=\"https:\/\/www.pax8.com\/de-de\/contact\/#locations\">Schweden<\/a><\/span><\/li><li><span style=\"color: #ffffff;\"><a style=\"color: #ffffff;\" href=\"https:\/\/www.pax8.com\/de-de\/contact\/#locations\">Vereinigtes K\u00f6nigreich<\/a><\/span><\/li><\/ul><p><span style=\"color: #ffffff;\"><a style=\"color: #ffffff;\" href=\"tel:0031880028200\">+31 88 002 8200<\/a><\/span><\/p><p><span style=\"color: #ffffff;\"><a style=\"color: #ffffff;\" href=\"https:\/\/www.pax8.com\/de-de\/contact\/#locations\">Unsere weltweiten Standorte<\/a><\/span><\/p><p><!-- \/wp:paragraph --><\/p>\t\t\t\t\t\t\t\t<\/div>\n\t\t\t\t\t<\/div>\n\t\t<\/div>\n\t\t\t\t\t<\/div>\n\t\t<\/section>\n\t\t\t\t<\/div>\n\t\t","protected":false},"excerpt":{"rendered":"<p>Entdecken Sie Ihre technischen L\u00fccken, um mit Pax8 die volle KI-Leistung von Microsoft Copilot zu nutzen.<\/p>\n","protected":false},"author":174,"featured_media":26012,"parent":32408,"menu_order":0,"comment_status":"closed","ping_status":"closed","template":"","meta":{"_acf_changed":false,"_relevanssi_hide_post":"","_relevanssi_hide_content":"","_relevanssi_pin_for_all":"","_relevanssi_pin_keywords":"","_relevanssi_unpin_keywords":"","_relevanssi_related_keywords":"","_relevanssi_related_include_ids":"","_relevanssi_related_exclude_ids":"","_relevanssi_related_no_append":"","_relevanssi_related_not_related":"","_relevanssi_related_posts":"","_relevanssi_noindex_reason":"","site-sidebar-layout":"no-sidebar","site-content-layout":"page-builder","ast-site-content-layout":"full-width-container","site-content-style":"unboxed","site-sidebar-style":"unboxed","ast-global-header-display":"","ast-banner-title-visibility":"disabled","ast-main-header-display":"disabled","ast-hfb-above-header-display":"","ast-hfb-below-header-display":"","ast-hfb-mobile-header-display":"disabled","site-post-title":"disabled","ast-breadcrumbs-content":"disabled","ast-featured-img":"disabled","footer-sml-layout":"disabled","ast-disable-related-posts":"","theme-transparent-header-meta":"default","adv-header-id-meta":"","stick-header-meta":"default","header-above-stick-meta":"","header-main-stick-meta":"","header-below-stick-meta":"","astra-migrate-meta-layouts":"set","ast-page-background-enabled":"default","ast-page-background-meta":{"desktop":{"background-color":"var(--ast-global-color-4)","background-image":"","background-repeat":"repeat","background-position":"center center","background-size":"auto","background-attachment":"scroll","background-type":"","background-media":"","overlay-type":"","overlay-color":"","overlay-opacity":"","overlay-gradient":""},"tablet":{"background-color":"","background-image":"","background-repeat":"repeat","background-position":"center center","background-size":"auto","background-attachment":"scroll","background-type":"","background-media":"","overlay-type":"","overlay-color":"","overlay-opacity":"","overlay-gradient":""},"mobile":{"background-color":"","background-image":"","background-repeat":"repeat","background-position":"center center","background-size":"auto","background-attachment":"scroll","background-type":"","background-media":"","overlay-type":"","overlay-color":"","overlay-opacity":"","overlay-gradient":""}},"ast-content-background-meta":{"desktop":{"background-color":"var(--ast-global-color-5)","background-image":"","background-repeat":"repeat","background-position":"center center","background-size":"auto","background-attachment":"scroll","background-type":"","background-media":"","overlay-type":"","overlay-color":"","overlay-opacity":"","overlay-gradient":""},"tablet":{"background-color":"var(--ast-global-color-5)","background-image":"","background-repeat":"repeat","background-position":"center center","background-size":"auto","background-attachment":"scroll","background-type":"","background-media":"","overlay-type":"","overlay-color":"","overlay-opacity":"","overlay-gradient":""},"mobile":{"background-color":"var(--ast-global-color-5)","background-image":"","background-repeat":"repeat","background-position":"center center","background-size":"auto","background-attachment":"scroll","background-type":"","background-media":"","overlay-type":"","overlay-color":"","overlay-opacity":"","overlay-gradient":""}},"footnotes":""},"class_list":["post-29044","page","type-page","status-publish","has-post-thumbnail","hentry"],"acf":[],"yoast_head":"<!-- This site is optimized with the Yoast SEO plugin v27.3 - https:\/\/yoast.com\/product\/yoast-seo-wordpress\/ -->\n<title>Machen Sie das Pax8 KI-Vorbereitungs-Quiz | Pax8<\/title>\n<meta name=\"description\" content=\"Nehmen Sie am Pax8 KI-Quiz teil und finden Sie heraus, ob Sie die Voraussetzungen f\u00fcr eine erfolgreiche KI-Einf\u00fchrung erf\u00fcllen.\" \/>\n<meta name=\"robots\" content=\"index, follow, max-snippet:-1, max-image-preview:large, max-video-preview:-1\" \/>\n<link rel=\"canonical\" href=\"https:\/\/www.pax8.com\/explore\/emea-de-de\/microsoft-copilot-ai\/ai-readiness-quiz\/\" \/>\n<meta property=\"og:locale\" content=\"en_GB\" \/>\n<meta property=\"og:type\" content=\"article\" \/>\n<meta property=\"og:title\" content=\"Bereit f\u00fcr die KI? Beim Pax8 KI-Quiz finden Sie es heraus.\" \/>\n<meta property=\"og:description\" content=\"Entdecken Sie Ihre technischen L\u00fccken, um mit Pax8 die volle KI-Leistung von Microsoft Copilot zu nutzen.\" \/>\n<meta property=\"og:url\" content=\"https:\/\/www.pax8.com\/explore\/emea-de-de\/microsoft-copilot-ai\/ai-readiness-quiz\/\" \/>\n<meta property=\"article:modified_time\" content=\"2024-09-12T16:36:10+00:00\" \/>\n<meta property=\"og:image\" content=\"https:\/\/www.pax8.com\/explore\/wp-content\/uploads\/sites\/15\/2024\/01\/Blog-Thumbnail_Microsoft-AI-Readiness.jpg\" \/>\n\t<meta property=\"og:image:width\" content=\"1200\" \/>\n\t<meta property=\"og:image:height\" content=\"630\" \/>\n\t<meta property=\"og:image:type\" content=\"image\/jpeg\" \/>\n<meta name=\"twitter:card\" content=\"summary_large_image\" \/>\n<meta name=\"twitter:title\" content=\"Bereit f\u00fcr die KI? Beim Pax8 KI-Quiz finden Sie es heraus.\" \/>\n<meta name=\"twitter:description\" content=\"Entdecken Sie Ihre technischen L\u00fccken, um mit Pax8 die volle KI-Leistung von Microsoft Copilot zu nutzen.\" \/>\n<meta name=\"twitter:image\" content=\"https:\/\/www.pax8.com\/explore\/wp-content\/uploads\/sites\/15\/2024\/01\/pax8-microsoft-copilot-blog-sqaure.jpg\" \/>\n<script type=\"application\/ld+json\" class=\"yoast-schema-graph\">{\"@context\":\"https:\\\/\\\/schema.org\",\"@graph\":[{\"@type\":\"WebPage\",\"@id\":\"https:\\\/\\\/www.pax8.com\\\/explore\\\/emea-de-de\\\/microsoft-copilot-ai\\\/ai-readiness-quiz\\\/\",\"url\":\"https:\\\/\\\/www.pax8.com\\\/explore\\\/emea-de-de\\\/microsoft-copilot-ai\\\/ai-readiness-quiz\\\/\",\"name\":\"Machen Sie das Pax8 KI-Vorbereitungs-Quiz | Pax8\",\"isPartOf\":{\"@id\":\"https:\\\/\\\/www.pax8.com\\\/explore\\\/#website\"},\"primaryImageOfPage\":{\"@id\":\"https:\\\/\\\/www.pax8.com\\\/explore\\\/emea-de-de\\\/microsoft-copilot-ai\\\/ai-readiness-quiz\\\/#primaryimage\"},\"image\":{\"@id\":\"https:\\\/\\\/www.pax8.com\\\/explore\\\/emea-de-de\\\/microsoft-copilot-ai\\\/ai-readiness-quiz\\\/#primaryimage\"},\"thumbnailUrl\":\"https:\\\/\\\/www.pax8.com\\\/explore\\\/wp-content\\\/uploads\\\/sites\\\/15\\\/2024\\\/01\\\/Blog-Thumbnail_Microsoft-AI-Readiness.jpg\",\"datePublished\":\"2024-02-29T14:30:05+00:00\",\"dateModified\":\"2024-09-12T16:36:10+00:00\",\"description\":\"Nehmen Sie am Pax8 KI-Quiz teil und finden Sie heraus, ob Sie die Voraussetzungen f\u00fcr eine erfolgreiche KI-Einf\u00fchrung erf\u00fcllen.\",\"breadcrumb\":{\"@id\":\"https:\\\/\\\/www.pax8.com\\\/explore\\\/emea-de-de\\\/microsoft-copilot-ai\\\/ai-readiness-quiz\\\/#breadcrumb\"},\"inLanguage\":\"en-GB\",\"potentialAction\":[{\"@type\":\"ReadAction\",\"target\":[\"https:\\\/\\\/www.pax8.com\\\/explore\\\/emea-de-de\\\/microsoft-copilot-ai\\\/ai-readiness-quiz\\\/\"]}]},{\"@type\":\"ImageObject\",\"inLanguage\":\"en-GB\",\"@id\":\"https:\\\/\\\/www.pax8.com\\\/explore\\\/emea-de-de\\\/microsoft-copilot-ai\\\/ai-readiness-quiz\\\/#primaryimage\",\"url\":\"https:\\\/\\\/www.pax8.com\\\/explore\\\/wp-content\\\/uploads\\\/sites\\\/15\\\/2024\\\/01\\\/Blog-Thumbnail_Microsoft-AI-Readiness.jpg\",\"contentUrl\":\"https:\\\/\\\/www.pax8.com\\\/explore\\\/wp-content\\\/uploads\\\/sites\\\/15\\\/2024\\\/01\\\/Blog-Thumbnail_Microsoft-AI-Readiness.jpg\",\"width\":1200,\"height\":630,\"caption\":\"Microsoft AI Readiness\"},{\"@type\":\"BreadcrumbList\",\"@id\":\"https:\\\/\\\/www.pax8.com\\\/explore\\\/emea-de-de\\\/microsoft-copilot-ai\\\/ai-readiness-quiz\\\/#breadcrumb\",\"itemListElement\":[{\"@type\":\"ListItem\",\"position\":1,\"name\":\"Home\",\"item\":\"https:\\\/\\\/www.pax8.com\\\/explore\\\/\"},{\"@type\":\"ListItem\",\"position\":2,\"name\":\"EMEA de-de\",\"item\":\"https:\\\/\\\/www.pax8.com\\\/explore\\\/emea-de-de\\\/\"},{\"@type\":\"ListItem\",\"position\":3,\"name\":\"Microsoft Copilot Adoption (DE)\",\"item\":\"https:\\\/\\\/www.pax8.com\\\/explore\\\/emea-de-de\\\/microsoft-copilot-ai\\\/\"},{\"@type\":\"ListItem\",\"position\":4,\"name\":\"Copilot AI readiness quiz (DE)\"}]},{\"@type\":\"WebSite\",\"@id\":\"https:\\\/\\\/www.pax8.com\\\/explore\\\/#website\",\"url\":\"https:\\\/\\\/www.pax8.com\\\/explore\\\/\",\"name\":\"Pax8 GTM Campaigns\",\"description\":\"Pax8.com\",\"potentialAction\":[{\"@type\":\"SearchAction\",\"target\":{\"@type\":\"EntryPoint\",\"urlTemplate\":\"https:\\\/\\\/www.pax8.com\\\/explore\\\/?s={search_term_string}\"},\"query-input\":{\"@type\":\"PropertyValueSpecification\",\"valueRequired\":true,\"valueName\":\"search_term_string\"}}],\"inLanguage\":\"en-GB\"}]}<\/script>\n<!-- \/ Yoast SEO plugin. -->","yoast_head_json":{"title":"Machen Sie das Pax8 KI-Vorbereitungs-Quiz | Pax8","description":"Nehmen Sie am Pax8 KI-Quiz teil und finden Sie heraus, ob Sie die Voraussetzungen f\u00fcr eine erfolgreiche KI-Einf\u00fchrung erf\u00fcllen.","robots":{"index":"index","follow":"follow","max-snippet":"max-snippet:-1","max-image-preview":"max-image-preview:large","max-video-preview":"max-video-preview:-1"},"canonical":"https:\/\/www.pax8.com\/explore\/emea-de-de\/microsoft-copilot-ai\/ai-readiness-quiz\/","og_locale":"en_GB","og_type":"article","og_title":"Bereit f\u00fcr die KI? Beim Pax8 KI-Quiz finden Sie es heraus.","og_description":"Entdecken Sie Ihre technischen L\u00fccken, um mit Pax8 die volle KI-Leistung von Microsoft Copilot zu nutzen.","og_url":"https:\/\/www.pax8.com\/explore\/emea-de-de\/microsoft-copilot-ai\/ai-readiness-quiz\/","article_modified_time":"2024-09-12T16:36:10+00:00","og_image":[{"width":1200,"height":630,"url":"https:\/\/www.pax8.com\/explore\/wp-content\/uploads\/sites\/15\/2024\/01\/Blog-Thumbnail_Microsoft-AI-Readiness.jpg","type":"image\/jpeg"}],"twitter_card":"summary_large_image","twitter_title":"Bereit f\u00fcr die KI? Beim Pax8 KI-Quiz finden Sie es heraus.","twitter_description":"Entdecken Sie Ihre technischen L\u00fccken, um mit Pax8 die volle KI-Leistung von Microsoft Copilot zu nutzen.","twitter_image":"https:\/\/www.pax8.com\/explore\/wp-content\/uploads\/sites\/15\/2024\/01\/pax8-microsoft-copilot-blog-sqaure.jpg","schema":{"@context":"https:\/\/schema.org","@graph":[{"@type":"WebPage","@id":"https:\/\/www.pax8.com\/explore\/emea-de-de\/microsoft-copilot-ai\/ai-readiness-quiz\/","url":"https:\/\/www.pax8.com\/explore\/emea-de-de\/microsoft-copilot-ai\/ai-readiness-quiz\/","name":"Machen Sie das Pax8 KI-Vorbereitungs-Quiz | Pax8","isPartOf":{"@id":"https:\/\/www.pax8.com\/explore\/#website"},"primaryImageOfPage":{"@id":"https:\/\/www.pax8.com\/explore\/emea-de-de\/microsoft-copilot-ai\/ai-readiness-quiz\/#primaryimage"},"image":{"@id":"https:\/\/www.pax8.com\/explore\/emea-de-de\/microsoft-copilot-ai\/ai-readiness-quiz\/#primaryimage"},"thumbnailUrl":"https:\/\/www.pax8.com\/explore\/wp-content\/uploads\/sites\/15\/2024\/01\/Blog-Thumbnail_Microsoft-AI-Readiness.jpg","datePublished":"2024-02-29T14:30:05+00:00","dateModified":"2024-09-12T16:36:10+00:00","description":"Nehmen Sie am Pax8 KI-Quiz teil und finden Sie heraus, ob Sie die Voraussetzungen f\u00fcr eine erfolgreiche KI-Einf\u00fchrung erf\u00fcllen.","breadcrumb":{"@id":"https:\/\/www.pax8.com\/explore\/emea-de-de\/microsoft-copilot-ai\/ai-readiness-quiz\/#breadcrumb"},"inLanguage":"en-GB","potentialAction":[{"@type":"ReadAction","target":["https:\/\/www.pax8.com\/explore\/emea-de-de\/microsoft-copilot-ai\/ai-readiness-quiz\/"]}]},{"@type":"ImageObject","inLanguage":"en-GB","@id":"https:\/\/www.pax8.com\/explore\/emea-de-de\/microsoft-copilot-ai\/ai-readiness-quiz\/#primaryimage","url":"https:\/\/www.pax8.com\/explore\/wp-content\/uploads\/sites\/15\/2024\/01\/Blog-Thumbnail_Microsoft-AI-Readiness.jpg","contentUrl":"https:\/\/www.pax8.com\/explore\/wp-content\/uploads\/sites\/15\/2024\/01\/Blog-Thumbnail_Microsoft-AI-Readiness.jpg","width":1200,"height":630,"caption":"Microsoft AI Readiness"},{"@type":"BreadcrumbList","@id":"https:\/\/www.pax8.com\/explore\/emea-de-de\/microsoft-copilot-ai\/ai-readiness-quiz\/#breadcrumb","itemListElement":[{"@type":"ListItem","position":1,"name":"Home","item":"https:\/\/www.pax8.com\/explore\/"},{"@type":"ListItem","position":2,"name":"EMEA de-de","item":"https:\/\/www.pax8.com\/explore\/emea-de-de\/"},{"@type":"ListItem","position":3,"name":"Microsoft Copilot Adoption (DE)","item":"https:\/\/www.pax8.com\/explore\/emea-de-de\/microsoft-copilot-ai\/"},{"@type":"ListItem","position":4,"name":"Copilot AI readiness quiz (DE)"}]},{"@type":"WebSite","@id":"https:\/\/www.pax8.com\/explore\/#website","url":"https:\/\/www.pax8.com\/explore\/","name":"Pax8 GTM Campaigns","description":"Pax8.com","potentialAction":[{"@type":"SearchAction","target":{"@type":"EntryPoint","urlTemplate":"https:\/\/www.pax8.com\/explore\/?s={search_term_string}"},"query-input":{"@type":"PropertyValueSpecification","valueRequired":true,"valueName":"search_term_string"}}],"inLanguage":"en-GB"}]}},"_links":{"self":[{"href":"https:\/\/www.pax8.com\/explore\/wp-json\/wp\/v2\/pages\/29044","targetHints":{"allow":["GET"]}}],"collection":[{"href":"https:\/\/www.pax8.com\/explore\/wp-json\/wp\/v2\/pages"}],"about":[{"href":"https:\/\/www.pax8.com\/explore\/wp-json\/wp\/v2\/types\/page"}],"author":[{"embeddable":true,"href":"https:\/\/www.pax8.com\/explore\/wp-json\/wp\/v2\/users\/174"}],"replies":[{"embeddable":true,"href":"https:\/\/www.pax8.com\/explore\/wp-json\/wp\/v2\/comments?post=29044"}],"version-history":[{"count":0,"href":"https:\/\/www.pax8.com\/explore\/wp-json\/wp\/v2\/pages\/29044\/revisions"}],"up":[{"embeddable":true,"href":"https:\/\/www.pax8.com\/explore\/wp-json\/wp\/v2\/pages\/32408"}],"wp:featuredmedia":[{"embeddable":true,"href":"https:\/\/www.pax8.com\/explore\/wp-json\/wp\/v2\/media\/26012"}],"wp:attachment":[{"href":"https:\/\/www.pax8.com\/explore\/wp-json\/wp\/v2\/media?parent=29044"}],"curies":[{"name":"wp","href":"https:\/\/api.w.org\/{rel}","templated":true}]}}