{"id":21862,"date":"2023-03-15T20:48:14","date_gmt":"2023-03-15T20:48:14","guid":{"rendered":"https:\/\/www.pax8.com\/de-de\/?page_id=21862"},"modified":"2023-10-06T13:44:56","modified_gmt":"2023-10-06T13:44:56","slug":"impressum","status":"publish","type":"page","link":"https:\/\/www.pax8.com\/de-de\/impressum\/","title":{"rendered":"Impressum"},"content":{"rendered":"\t\t<div data-elementor-type=\"wp-page\" data-elementor-id=\"21862\" class=\"elementor elementor-21862\" data-elementor-post-type=\"page\">\n\t\t\t\t\t\t<section class=\"elementor-section elementor-top-section elementor-element elementor-element-7c417bf elementor-section-stretched elementor-section-boxed elementor-section-height-default elementor-section-height-default\" data-id=\"7c417bf\" data-element_type=\"section\" data-e-type=\"section\" data-settings=\"{&quot;stretch_section&quot;:&quot;section-stretched&quot;,&quot;background_background&quot;:&quot;classic&quot;}\">\n\t\t\t\t\t\t\t<div class=\"elementor-background-overlay\"><\/div>\n\t\t\t\t\t\t\t<div class=\"elementor-container elementor-column-gap-default\">\n\t\t\t\t\t<div class=\"elementor-column elementor-col-100 elementor-top-column elementor-element elementor-element-5fa84a5\" data-id=\"5fa84a5\" data-element_type=\"column\" data-e-type=\"column\">\n\t\t\t<div class=\"elementor-widget-wrap elementor-element-populated\">\n\t\t\t\t\t\t<div class=\"elementor-element elementor-element-f654f5a elementor-widget elementor-widget-spacer\" data-id=\"f654f5a\" data-element_type=\"widget\" data-e-type=\"widget\" data-widget_type=\"spacer.default\">\n\t\t\t\t<div class=\"elementor-widget-container\">\n\t\t\t\t\t\t\t<div class=\"elementor-spacer\">\n\t\t\t<div class=\"elementor-spacer-inner\"><\/div>\n\t\t<\/div>\n\t\t\t\t\t\t<\/div>\n\t\t\t\t<\/div>\n\t\t\t\t\t<\/div>\n\t\t<\/div>\n\t\t\t\t\t<\/div>\n\t\t<\/section>\n\t\t\t\t<section class=\"elementor-section elementor-top-section elementor-element elementor-element-f027563 elementor-section-boxed elementor-section-height-default elementor-section-height-default\" data-id=\"f027563\" data-element_type=\"section\" data-e-type=\"section\" data-settings=\"{&quot;background_background&quot;:&quot;classic&quot;}\">\n\t\t\t\t\t\t<div class=\"elementor-container elementor-column-gap-default\">\n\t\t\t\t\t<div class=\"elementor-column elementor-col-50 elementor-top-column elementor-element elementor-element-0cc183c\" data-id=\"0cc183c\" data-element_type=\"column\" data-e-type=\"column\">\n\t\t\t<div class=\"elementor-widget-wrap elementor-element-populated\">\n\t\t\t\t\t\t<div class=\"elementor-element elementor-element-1dfd8fc white-text elementor-widget elementor-widget-heading\" data-id=\"1dfd8fc\" data-element_type=\"widget\" data-e-type=\"widget\" data-widget_type=\"heading.default\">\n\t\t\t\t<div class=\"elementor-widget-container\">\n\t\t\t\t\t<h2 class=\"elementor-heading-title elementor-size-default\">Impressum<\/h2>\t\t\t\t<\/div>\n\t\t\t\t<\/div>\n\t\t\t\t\t<\/div>\n\t\t<\/div>\n\t\t\t\t<div class=\"elementor-column elementor-col-50 elementor-top-column elementor-element elementor-element-8b81f33\" data-id=\"8b81f33\" data-element_type=\"column\" data-e-type=\"column\">\n\t\t\t<div class=\"elementor-widget-wrap\">\n\t\t\t\t\t\t\t<\/div>\n\t\t<\/div>\n\t\t\t\t\t<\/div>\n\t\t<\/section>\n\t\t\t\t<section class=\"elementor-section elementor-top-section elementor-element elementor-element-200d70f elementor-section-boxed elementor-section-height-default elementor-section-height-default\" data-id=\"200d70f\" data-element_type=\"section\" data-e-type=\"section\">\n\t\t\t\t\t\t<div class=\"elementor-container elementor-column-gap-default\">\n\t\t\t\t\t<div class=\"elementor-column elementor-col-100 elementor-top-column elementor-element elementor-element-199883d\" data-id=\"199883d\" data-element_type=\"column\" data-e-type=\"column\">\n\t\t\t<div class=\"elementor-widget-wrap elementor-element-populated\">\n\t\t\t\t\t\t<div class=\"elementor-element elementor-element-6a90e0a elementor-widget elementor-widget-spacer\" data-id=\"6a90e0a\" data-element_type=\"widget\" data-e-type=\"widget\" data-widget_type=\"spacer.default\">\n\t\t\t\t<div class=\"elementor-widget-container\">\n\t\t\t\t\t\t\t<div class=\"elementor-spacer\">\n\t\t\t<div class=\"elementor-spacer-inner\"><\/div>\n\t\t<\/div>\n\t\t\t\t\t\t<\/div>\n\t\t\t\t<\/div>\n\t\t\t\t\t<\/div>\n\t\t<\/div>\n\t\t\t\t\t<\/div>\n\t\t<\/section>\n\t\t\t\t<section class=\"elementor-section elementor-top-section elementor-element elementor-element-cd55b95 elementor-section-boxed elementor-section-height-default elementor-section-height-default\" data-id=\"cd55b95\" data-element_type=\"section\" data-e-type=\"section\">\n\t\t\t\t\t\t<div class=\"elementor-container elementor-column-gap-default\">\n\t\t\t\t\t<div class=\"elementor-column elementor-col-33 elementor-top-column elementor-element elementor-element-8169328\" data-id=\"8169328\" data-element_type=\"column\" data-e-type=\"column\">\n\t\t\t<div class=\"elementor-widget-wrap\">\n\t\t\t\t\t\t\t<\/div>\n\t\t<\/div>\n\t\t\t\t<div class=\"elementor-column elementor-col-33 elementor-top-column elementor-element elementor-element-54a4703\" data-id=\"54a4703\" data-element_type=\"column\" data-e-type=\"column\">\n\t\t\t<div class=\"elementor-widget-wrap elementor-element-populated\">\n\t\t\t\t\t\t<div class=\"elementor-element elementor-element-9d44989 elementor-widget elementor-widget-text-editor\" data-id=\"9d44989\" data-element_type=\"widget\" data-e-type=\"widget\" data-widget_type=\"text-editor.default\">\n\t\t\t\t<div class=\"elementor-widget-container\">\n\t\t\t\t\t\t\t\t\t<p>Pax8 Deutschland GmbH<\/p><p>Schumannstra\u00dfe 27<br \/>60325 Frankfurt am Main<br \/>Deutschland<\/p><p>Telefon: +31 88 002 8200<br \/>Email: <a href=\"mailto:info.de@pax8.com\">info.de@pax8.com<\/a><br \/>Internet: <a href=\"https:\/\/www.pax8.com\/de-de\/\" target=\"_blank\" rel=\"noopener\">www.pax8.com\/de-de\/<\/a><\/p><p>Vertretungsberechtigter<br \/>Gesch\u00e4ftsf\u00fchrer: Harald Nuij <br \/>Verantwortlich f\u00fcr die redaktionellen Inhalte: Harald Nuij<\/p><p>Registergericht: AG Frankfurt am Main<\/p><p>Registernummer: HRB 121753<\/p><p>Umsatzsteueridentifikationsnummer gem\u00e4\u00df \u00a7 27a Umsatzsteuergesetz: DE342674875<\/p>\t\t\t\t\t\t\t\t<\/div>\n\t\t\t\t<\/div>\n\t\t\t\t<div class=\"elementor-element elementor-element-1981afa elementor-widget elementor-widget-spacer\" data-id=\"1981afa\" data-element_type=\"widget\" data-e-type=\"widget\" data-widget_type=\"spacer.default\">\n\t\t\t\t<div class=\"elementor-widget-container\">\n\t\t\t\t\t\t\t<div class=\"elementor-spacer\">\n\t\t\t<div class=\"elementor-spacer-inner\"><\/div>\n\t\t<\/div>\n\t\t\t\t\t\t<\/div>\n\t\t\t\t<\/div>\n\t\t\t\t\t<\/div>\n\t\t<\/div>\n\t\t\t\t<div class=\"elementor-column elementor-col-33 elementor-top-column elementor-element elementor-element-f6fe86e\" data-id=\"f6fe86e\" data-element_type=\"column\" data-e-type=\"column\">\n\t\t\t<div class=\"elementor-widget-wrap\">\n\t\t\t\t\t\t\t<\/div>\n\t\t<\/div>\n\t\t\t\t\t<\/div>\n\t\t<\/section>\n\t\t\t\t<\/div>\n\t\t","protected":false},"excerpt":{"rendered":"<p>Impressum Pax8 Deutschland GmbH Schumannstra\u00dfe 2760325 Frankfurt am MainDeutschland Telefon: +31 88 002 8200Email: info.de@pax8.comInternet: www.pax8.com\/de-de\/ VertretungsberechtigterGesch\u00e4ftsf\u00fchrer: Harald Nuij Verantwortlich f\u00fcr die redaktionellen Inhalte: Harald Nuij Registergericht: AG Frankfurt am Main Registernummer: HRB 121753 Umsatzsteueridentifikationsnummer gem\u00e4\u00df \u00a7 27a Umsatzsteuergesetz: DE342674875<\/p>\n","protected":false},"author":120,"featured_media":0,"parent":0,"menu_order":0,"comment_status":"closed","ping_status":"closed","template":"","meta":{"_acf_changed":false,"_relevanssi_hide_post":"","_relevanssi_hide_content":"","_relevanssi_pin_for_all":"","_relevanssi_pin_keywords":"","_relevanssi_unpin_keywords":"","_relevanssi_related_keywords":"","_relevanssi_related_include_ids":"","_relevanssi_related_exclude_ids":"","_relevanssi_related_no_append":"","_relevanssi_related_not_related":"","_relevanssi_related_posts":"","_relevanssi_noindex_reason":"","site-sidebar-layout":"no-sidebar","site-content-layout":"page-builder","ast-site-content-layout":"default","site-content-style":"default","site-sidebar-style":"default","ast-global-header-display":"","ast-banner-title-visibility":"","ast-main-header-display":"","ast-hfb-above-header-display":"","ast-hfb-below-header-display":"","ast-hfb-mobile-header-display":"","site-post-title":"disabled","ast-breadcrumbs-content":"","ast-featured-img":"disabled","footer-sml-layout":"","ast-disable-related-posts":"","theme-transparent-header-meta":"default","adv-header-id-meta":"","stick-header-meta":"default","header-above-stick-meta":"","header-main-stick-meta":"","header-below-stick-meta":"","astra-migrate-meta-layouts":"default","ast-page-background-enabled":"default","ast-page-background-meta":{"desktop":{"background-color":"var(--ast-global-color-4)","background-image":"","background-repeat":"repeat","background-position":"center center","background-size":"auto","background-attachment":"scroll","background-type":"","background-media":"","overlay-type":"","overlay-color":"","overlay-opacity":"","overlay-gradient":""},"tablet":{"background-color":"","background-image":"","background-repeat":"repeat","background-position":"center center","background-size":"auto","background-attachment":"scroll","background-type":"","background-media":"","overlay-type":"","overlay-color":"","overlay-opacity":"","overlay-gradient":""},"mobile":{"background-color":"","background-image":"","background-repeat":"repeat","background-position":"center center","background-size":"auto","background-attachment":"scroll","background-type":"","background-media":"","overlay-type":"","overlay-color":"","overlay-opacity":"","overlay-gradient":""}},"ast-content-background-meta":{"desktop":{"background-color":"var(--ast-global-color-5)","background-image":"","background-repeat":"repeat","background-position":"center center","background-size":"auto","background-attachment":"scroll","background-type":"","background-media":"","overlay-type":"","overlay-color":"","overlay-opacity":"","overlay-gradient":""},"tablet":{"background-color":"var(--ast-global-color-5)","background-image":"","background-repeat":"repeat","background-position":"center center","background-size":"auto","background-attachment":"scroll","background-type":"","background-media":"","overlay-type":"","overlay-color":"","overlay-opacity":"","overlay-gradient":""},"mobile":{"background-color":"var(--ast-global-color-5)","background-image":"","background-repeat":"repeat","background-position":"center center","background-size":"auto","background-attachment":"scroll","background-type":"","background-media":"","overlay-type":"","overlay-color":"","overlay-opacity":"","overlay-gradient":""}},"footnotes":""},"class_list":["post-21862","page","type-page","status-publish","hentry"],"acf":[],"yoast_head":"<!-- This site is optimized with the Yoast SEO plugin v27.3 - https:\/\/yoast.com\/product\/yoast-seo-wordpress\/ -->\n<title>Impressum | Pax8 EMEA (DE)<\/title>\n<meta name=\"robots\" content=\"index, follow, max-snippet:-1, max-image-preview:large, max-video-preview:-1\" \/>\n<link rel=\"canonical\" href=\"https:\/\/www.pax8.com\/de-de\/impressum\/\" \/>\n<meta property=\"og:locale\" content=\"de_DE\" \/>\n<meta property=\"og:type\" content=\"article\" \/>\n<meta property=\"og:title\" content=\"Impressum | Pax8 EMEA (DE)\" \/>\n<meta property=\"og:description\" content=\"Impressum Pax8 Deutschland GmbH Schumannstra\u00dfe 2760325 Frankfurt am MainDeutschland Telefon: +31 88 002 8200Email: info.de@pax8.comInternet: www.pax8.com\/de-de\/ VertretungsberechtigterGesch\u00e4ftsf\u00fchrer: Harald Nuij Verantwortlich f\u00fcr die redaktionellen Inhalte: Harald Nuij Registergericht: AG Frankfurt am Main Registernummer: HRB 121753 Umsatzsteueridentifikationsnummer gem\u00e4\u00df \u00a7 27a Umsatzsteuergesetz: DE342674875\" \/>\n<meta property=\"og:url\" content=\"https:\/\/www.pax8.com\/de-de\/impressum\/\" \/>\n<meta property=\"og:site_name\" content=\"Pax8 EMEA (DE)\" \/>\n<meta property=\"article:modified_time\" content=\"2023-10-06T13:44:56+00:00\" \/>\n<meta name=\"twitter:card\" content=\"summary_large_image\" \/>\n<script type=\"application\/ld+json\" class=\"yoast-schema-graph\">{\"@context\":\"https:\\\/\\\/schema.org\",\"@graph\":[{\"@type\":\"WebPage\",\"@id\":\"https:\\\/\\\/www.pax8.com\\\/de-de\\\/impressum\\\/\",\"url\":\"https:\\\/\\\/www.pax8.com\\\/de-de\\\/impressum\\\/\",\"name\":\"Impressum | Pax8 EMEA (DE)\",\"isPartOf\":{\"@id\":\"https:\\\/\\\/www.pax8.com\\\/de-de\\\/#website\"},\"datePublished\":\"2023-03-15T20:48:14+00:00\",\"dateModified\":\"2023-10-06T13:44:56+00:00\",\"breadcrumb\":{\"@id\":\"https:\\\/\\\/www.pax8.com\\\/de-de\\\/impressum\\\/#breadcrumb\"},\"inLanguage\":\"de-DE\",\"potentialAction\":[{\"@type\":\"ReadAction\",\"target\":[\"https:\\\/\\\/www.pax8.com\\\/de-de\\\/impressum\\\/\"]}]},{\"@type\":\"BreadcrumbList\",\"@id\":\"https:\\\/\\\/www.pax8.com\\\/de-de\\\/impressum\\\/#breadcrumb\",\"itemListElement\":[{\"@type\":\"ListItem\",\"position\":1,\"name\":\"Home\",\"item\":\"https:\\\/\\\/www.pax8.com\\\/de-de\\\/\"},{\"@type\":\"ListItem\",\"position\":2,\"name\":\"Impressum\"}]},{\"@type\":\"WebSite\",\"@id\":\"https:\\\/\\\/www.pax8.com\\\/de-de\\\/#website\",\"url\":\"https:\\\/\\\/www.pax8.com\\\/de-de\\\/\",\"name\":\"Pax8 EMEA (DE)\",\"description\":\"Pax8.com\",\"publisher\":{\"@id\":\"https:\\\/\\\/www.pax8.com\\\/de-de\\\/#organization\"},\"potentialAction\":[{\"@type\":\"SearchAction\",\"target\":{\"@type\":\"EntryPoint\",\"urlTemplate\":\"https:\\\/\\\/www.pax8.com\\\/de-de\\\/?s={search_term_string}\"},\"query-input\":{\"@type\":\"PropertyValueSpecification\",\"valueRequired\":true,\"valueName\":\"search_term_string\"}}],\"inLanguage\":\"de-DE\"},{\"@type\":\"Organization\",\"@id\":\"https:\\\/\\\/www.pax8.com\\\/de-de\\\/#organization\",\"name\":\"Pax8\",\"url\":\"https:\\\/\\\/www.pax8.com\\\/de-de\\\/\",\"logo\":{\"@type\":\"ImageObject\",\"inLanguage\":\"de-DE\",\"@id\":\"https:\\\/\\\/www.pax8.com\\\/de-de\\\/#\\\/schema\\\/logo\\\/image\\\/\",\"url\":\"https:\\\/\\\/www.pax8.com\\\/de-de\\\/wp-content\\\/uploads\\\/sites\\\/12\\\/2022\\\/03\\\/Pax8-WHT.svg\",\"contentUrl\":\"https:\\\/\\\/www.pax8.com\\\/de-de\\\/wp-content\\\/uploads\\\/sites\\\/12\\\/2022\\\/03\\\/Pax8-WHT.svg\",\"width\":421,\"height\":275,\"caption\":\"Pax8\"},\"image\":{\"@id\":\"https:\\\/\\\/www.pax8.com\\\/de-de\\\/#\\\/schema\\\/logo\\\/image\\\/\"}}]}<\/script>\n<!-- \/ Yoast SEO plugin. -->","yoast_head_json":{"title":"Impressum | Pax8 EMEA (DE)","robots":{"index":"index","follow":"follow","max-snippet":"max-snippet:-1","max-image-preview":"max-image-preview:large","max-video-preview":"max-video-preview:-1"},"canonical":"https:\/\/www.pax8.com\/de-de\/impressum\/","og_locale":"de_DE","og_type":"article","og_title":"Impressum | Pax8 EMEA (DE)","og_description":"Impressum Pax8 Deutschland GmbH Schumannstra\u00dfe 2760325 Frankfurt am MainDeutschland Telefon: +31 88 002 8200Email: info.de@pax8.comInternet: www.pax8.com\/de-de\/ VertretungsberechtigterGesch\u00e4ftsf\u00fchrer: Harald Nuij Verantwortlich f\u00fcr die redaktionellen Inhalte: Harald Nuij Registergericht: AG Frankfurt am Main Registernummer: HRB 121753 Umsatzsteueridentifikationsnummer gem\u00e4\u00df \u00a7 27a Umsatzsteuergesetz: DE342674875","og_url":"https:\/\/www.pax8.com\/de-de\/impressum\/","og_site_name":"Pax8 EMEA (DE)","article_modified_time":"2023-10-06T13:44:56+00:00","twitter_card":"summary_large_image","schema":{"@context":"https:\/\/schema.org","@graph":[{"@type":"WebPage","@id":"https:\/\/www.pax8.com\/de-de\/impressum\/","url":"https:\/\/www.pax8.com\/de-de\/impressum\/","name":"Impressum | Pax8 EMEA (DE)","isPartOf":{"@id":"https:\/\/www.pax8.com\/de-de\/#website"},"datePublished":"2023-03-15T20:48:14+00:00","dateModified":"2023-10-06T13:44:56+00:00","breadcrumb":{"@id":"https:\/\/www.pax8.com\/de-de\/impressum\/#breadcrumb"},"inLanguage":"de-DE","potentialAction":[{"@type":"ReadAction","target":["https:\/\/www.pax8.com\/de-de\/impressum\/"]}]},{"@type":"BreadcrumbList","@id":"https:\/\/www.pax8.com\/de-de\/impressum\/#breadcrumb","itemListElement":[{"@type":"ListItem","position":1,"name":"Home","item":"https:\/\/www.pax8.com\/de-de\/"},{"@type":"ListItem","position":2,"name":"Impressum"}]},{"@type":"WebSite","@id":"https:\/\/www.pax8.com\/de-de\/#website","url":"https:\/\/www.pax8.com\/de-de\/","name":"Pax8 EMEA (DE)","description":"Pax8.com","publisher":{"@id":"https:\/\/www.pax8.com\/de-de\/#organization"},"potentialAction":[{"@type":"SearchAction","target":{"@type":"EntryPoint","urlTemplate":"https:\/\/www.pax8.com\/de-de\/?s={search_term_string}"},"query-input":{"@type":"PropertyValueSpecification","valueRequired":true,"valueName":"search_term_string"}}],"inLanguage":"de-DE"},{"@type":"Organization","@id":"https:\/\/www.pax8.com\/de-de\/#organization","name":"Pax8","url":"https:\/\/www.pax8.com\/de-de\/","logo":{"@type":"ImageObject","inLanguage":"de-DE","@id":"https:\/\/www.pax8.com\/de-de\/#\/schema\/logo\/image\/","url":"https:\/\/www.pax8.com\/de-de\/wp-content\/uploads\/sites\/12\/2022\/03\/Pax8-WHT.svg","contentUrl":"https:\/\/www.pax8.com\/de-de\/wp-content\/uploads\/sites\/12\/2022\/03\/Pax8-WHT.svg","width":421,"height":275,"caption":"Pax8"},"image":{"@id":"https:\/\/www.pax8.com\/de-de\/#\/schema\/logo\/image\/"}}]}},"_links":{"self":[{"href":"https:\/\/www.pax8.com\/de-de\/wp-json\/wp\/v2\/pages\/21862","targetHints":{"allow":["GET"]}}],"collection":[{"href":"https:\/\/www.pax8.com\/de-de\/wp-json\/wp\/v2\/pages"}],"about":[{"href":"https:\/\/www.pax8.com\/de-de\/wp-json\/wp\/v2\/types\/page"}],"author":[{"embeddable":true,"href":"https:\/\/www.pax8.com\/de-de\/wp-json\/wp\/v2\/users\/120"}],"replies":[{"embeddable":true,"href":"https:\/\/www.pax8.com\/de-de\/wp-json\/wp\/v2\/comments?post=21862"}],"version-history":[{"count":0,"href":"https:\/\/www.pax8.com\/de-de\/wp-json\/wp\/v2\/pages\/21862\/revisions"}],"wp:attachment":[{"href":"https:\/\/www.pax8.com\/de-de\/wp-json\/wp\/v2\/media?parent=21862"}],"curies":[{"name":"wp","href":"https:\/\/api.w.org\/{rel}","templated":true}]}}